{"id":465,"date":"2013-06-09T00:59:10","date_gmt":"2013-06-09T00:59:10","guid":{"rendered":"http:\/\/palomarperez.es\/?page_id=465"},"modified":"2013-08-15T22:24:50","modified_gmt":"2013-08-15T22:24:50","slug":"entrevista-a-abraham-perez-martin","status":"publish","type":"page","link":"http:\/\/palomarperez.es\/?page_id=465","title":{"rendered":"Entrevista a Abraham Perez Martin"},"content":{"rendered":"<p align=\"center\"><span style=\"color: #800000;\">Por Jos\u00e9 Oliver Mart\u00edn Gonz\u00e1lez<\/span><\/p>\n<p align=\"center\"><span style=\"color: #800000;\">Me complace muy enormemente compartir con todos vosotros la entrevista que he realizado a un colomb\u00f3filo amigo m\u00edo,\u00a0 una persona que se caracteriza por su grado de competitividad pero al mismo tiempo, por como sabe pasar desapercibido, no le gusta llamar la atenci\u00f3n dentro de este mundo que nos apasiona y que disfruta de su palomar, de sus palomas y de sus amigos. Aunque esta entrevista esta hecha desde la distancia. Hoy nos trasladamos a Tenerife, y mas concreto, al barrio de Valleseco, para visitar y entrevistar a Abraham P\u00e9rez\u00a0 Mart\u00edn colomb\u00f3filo del Club Cultural Colomb\u00f3filo El Cabo.<\/span><\/p>\n<p align=\"center\"><span style=\"color: #800000;\">Se trata de esos colomb\u00f3filos modestos, humildes y sencillos pero muy competitivo tal y como dije anteriormente del que sus resultados deportivos avalan su competitividad y buen manejo con las palomas mensajeras. Un colomb\u00f3filo muy ligado a nuestra isla bonita, que cada vez que puede se da una escapada para visitar a viejos amigos, y como no, seguir haciendo amigos nuevos cosa que le es f\u00e1cil dado su personalidad y buena forma de ser. Especialmente visita con especial frecuencia el municipio de Tazacorte, su segundo hogar desde hace ya varios a\u00f1os.<\/span><\/p>\n<p align=\"center\"><span style=\"color: #800000;\">Dicho esto, les dejo a continuaci\u00f3n con la entrevista donde le conoceremos mejor\u00a0 sobre los aspectos que conciernen a este apasionado mundo y que espero que les guste.<\/span><\/p>\n<p align=\"center\"><span style=\"color: #800000;\"><b>Abraham, \u00bfCu\u00e1ndo y como te inicias en este deporte?<\/b><\/span><\/p>\n<p align=\"center\"><span style=\"color: #800000;\">Mis inicios en colombofilia son desde muy temprano, ya que en mi casa ya se practicaba la colombofilia por parte de mi padre Francisco P\u00e9rez Cabrera. Por motivo de trabajo debe abandonar las competiciones, quedando yo al cargo de las palomas sobre el a\u00f1o 1987 contando solo con 7 a\u00f1os de edad. Saco por primera vez la licencia en el a\u00f1o 2001, en el Club Ala Roja de San Andr\u00e9s en el cual empieza mi andadura como colomb\u00f3filo y el cual abandono en el a\u00f1o 2006 inscribi\u00e9ndome en el Club Cultural Colomb\u00f3filo El Cabo en el cual compito actualmente, durante el periodo que pasa desde que mi padre abandona la competici\u00f3n y saco la licencia por primera vez las palomas estaban en casa por puro amor y devoci\u00f3n a estos animales.<a href=\"http:\/\/palomarperez.es\/wp-content\/uploads\/2013\/06\/ESP-193504-2006.jpg\"><img loading=\"lazy\" decoding=\"async\" class=\"alignright size-medium wp-image-544\" alt=\"ESP-193504-2006\" src=\"http:\/\/palomarperez.es\/wp-content\/uploads\/2013\/06\/ESP-193504-2006-300x225.jpg\" width=\"300\" height=\"225\" srcset=\"http:\/\/palomarperez.es\/wp-content\/uploads\/2013\/06\/ESP-193504-2006-300x225.jpg 300w, http:\/\/palomarperez.es\/wp-content\/uploads\/2013\/06\/ESP-193504-2006-1024x768.jpg 1024w\" sizes=\"auto, (max-width: 300px) 100vw, 300px\" \/><\/a><\/span><\/p>\n<p align=\"center\"><span style=\"color: #800000;\"><b>\u00bfCon que l\u00edneas de palomas empezaste y cuales cultivas en la actualidad?<\/b><\/span><\/p>\n<p align=\"center\"><span style=\"color: #800000;\">Cuando empiezo l\u00f3gicamente empiezo con las palomas que heredo de mi padre, las cuales llevaban y llevan aun muchos a\u00f1os. Entre ellas puedo destacar la Rodada Americana, la Azul de Goya y el Barioles Bricoux, de las cuales salieron mis primeras viajeras. Actualmente la mayor parte del palomar es de origen Cubano de los criadores Wladimir Perdomo, Roberto Rivera y Fernando Mujica los cuales en esta ultima d\u00e9cada han sido grandes exponentes en las sueltas de fondo de la provincia de la Habana en Cuba. Tambi\u00e9n poseo en menor cantidad pero con resultados bajo mi punto de vista muy buenos, palomas de origen hermanos Aguilar de la isla de Gomera, Jan Aarden de los grandes amigos que tengo por la isla de la Palma como son Carlos Acosta, Norberto Acosta y Oliver Mart\u00edn\u00a0 y destacar tambi\u00e9n a la paloma de origen Muller de los hermanos Estrella Gil de Tenerife.<\/span><\/p>\n<p align=\"center\"><span style=\"color: #800000;\"><b>\u00a0\u00a0\u00a0 <\/b><\/span><\/p>\n<p align=\"center\"><span style=\"color: #800000;\"><b>\u00bfD\u00f3nde y como son tus instalaciones? \u00a0<\/b><\/span><\/p>\n<p align=\"center\"><span style=\"color: #800000;\">Mis instalaciones est\u00e1n situadas en el barrio de Valleseco,\u00a0 en Santa Cruz de Tenerife en una zona rural del Valle llamada Finca La Media Luna. El palomar esta compuesto de 6 compartimientos, de los cuales 3 est\u00e1n destinados a la competici\u00f3n, 2 para destete de pichones y 1 para albergar a las parejas reproductoras en el periodo de cr\u00eda.<a href=\"http:\/\/palomarperez.es\/wp-content\/uploads\/2013\/06\/DSC00810.jpg\"><img loading=\"lazy\" decoding=\"async\" class=\"alignleft size-medium wp-image-545\" alt=\"SONY DSC\" src=\"http:\/\/palomarperez.es\/wp-content\/uploads\/2013\/06\/DSC00810-300x200.jpg\" width=\"300\" height=\"200\" srcset=\"http:\/\/palomarperez.es\/wp-content\/uploads\/2013\/06\/DSC00810-300x200.jpg 300w, http:\/\/palomarperez.es\/wp-content\/uploads\/2013\/06\/DSC00810-1024x685.jpg 1024w\" sizes=\"auto, (max-width: 300px) 100vw, 300px\" \/><\/a><br \/>\n<\/span><\/p>\n<p align=\"center\"><span style=\"color: #800000;\"><b>\u00bfCu\u00e1les el sistema de vuelo que empleas en tu palomar?<\/b><\/span><\/p>\n<p align=\"center\"><span style=\"color: #800000;\">Primero decir que todo sistema de vuelo que tenga resultados positivos es bueno. El que yo uso actualmente es el conocido como \u201cal roce\u201d antes de empezar la campa\u00f1a uno las viajeras, sac\u00e1ndole un pich\u00f3n a cada pareja y separ\u00e1ndolas cuando el pich\u00f3n esta sobre 10 o 12 d\u00edas. Durante la campa\u00f1a juego con los ganicos (nidales de barro) y el palillo de tabaco para intentar acrecentar el cari\u00f1o al nido de ambos sexos.<\/span><\/p>\n<p align=\"center\"><span style=\"color: #800000;\"><b>\u00bfC\u00f3mo son los entrenamientos en el d\u00eda a d\u00eda de las palomas del Palomar P\u00e9rez Mart\u00edn?\u00a0 \u00a0\u00a0\u00a0\u00a0<\/b><\/span><\/p>\n<p align=\"center\"><span style=\"color: #800000;\">\u00a0El entrenamiento empieza como 45 d\u00edas antes de los primeros vuelos en el club (millas de educaci\u00f3n) como deportistas que son necesitan de una pretemporada para poder recibir ala temporada sin ning\u00fan problema. Poco a poco jugando con la hora de la comida vas incrementando los minutos del entrenamiento, hasta que est\u00e9n volando sobre el palomar ininterrumpidamente sobre una 1h\u00a0 15\u2019. Siempre antes de dar el entrenamiento diario reviso que todas las palomas que van a recibir el entrenamiento est\u00e9n en condiciones de superarlo. Las palomas las entreno machos y hembras juntas, cuando entran en el palomar las dejo unos 10 o 15 minutos juntas y procedo a separarlas por sexo cada uno para su palomar para despu\u00e9s de estar separadas proceder a dar el alimento y seguido el agua de bebida quedando estas separadas hasta el pr\u00f3ximo entrenamiento. Lo ideal del entrenamiento seria el darlo 2 veces en el d\u00eda pero por falta de tiempo no puede ser. El tiempo de vuelo (entrenamiento) se varia dependiendo de lo avanzada de la campa\u00f1a.<a href=\"http:\/\/palomarperez.es\/wp-content\/uploads\/2013\/06\/machos-adultos.jpg\"><img loading=\"lazy\" decoding=\"async\" class=\"alignright size-medium wp-image-546\" alt=\"machos adultos\" src=\"http:\/\/palomarperez.es\/wp-content\/uploads\/2013\/06\/machos-adultos-300x225.jpg\" width=\"300\" height=\"225\" srcset=\"http:\/\/palomarperez.es\/wp-content\/uploads\/2013\/06\/machos-adultos-300x225.jpg 300w, http:\/\/palomarperez.es\/wp-content\/uploads\/2013\/06\/machos-adultos.jpg 760w\" sizes=\"auto, (max-width: 300px) 100vw, 300px\" \/><\/a><\/span><\/p>\n<p align=\"center\"><span style=\"color: #800000;\"><b>\u00bfLlevas a cabo alg\u00fan m\u00e9todo preventivo para con tus palomas, vacunas, etc.?\u00a0 \u00a0\u00a0\u00a0<\/b><\/span><\/p>\n<p align=\"center\"><span style=\"color: #800000;\">Si lo normal vacunaci\u00f3n para el Paramixovirus y viruela (tanto pichones como adultas y reproductoras) Tricomonas, Hongos, etc.\u2026.lo com\u00fan y normal.<b>\u00a0 <\/b><\/span><\/p>\n<p align=\"center\"><span style=\"color: #800000;\"><b>\u00bfQu\u00e9 tipo de alimentaci\u00f3n usas para tus palomas?<\/b><\/span><\/p>\n<p align=\"center\"><span style=\"color: #800000;\">En la alimentaci\u00f3n procuro que durante toda la temporada de competici\u00f3n sea la misma composici\u00f3n. Uso 4 estaciones cl\u00e1sica comercial. Salvo un d\u00eda en semana que comen depurativa, que suele ser el domingo.<\/span><\/p>\n<p align=\"center\"><span style=\"color: #800000;\"><b>\u00bfUtilizas siempre la misma composici\u00f3n de alimento durante todo el a\u00f1o en tu palomar?<\/b><\/span><\/p>\n<p align=\"center\"><span style=\"color: #800000;\">Si, pero cuando se acerca las sueltas mas duras que necesitan un poco mas de energ\u00eda suelo incrementar un poco el ma\u00edz, arroz con c\u00e1scara y el girasol. Unos d\u00edas antes del enjaule para el concurso.<a href=\"http:\/\/palomarperez.es\/wp-content\/uploads\/2013\/06\/ESP-210827-2009-010.jpg\"><img loading=\"lazy\" decoding=\"async\" class=\"alignleft size-medium wp-image-547\" alt=\"ESP-210827-2009  010\" src=\"http:\/\/palomarperez.es\/wp-content\/uploads\/2013\/06\/ESP-210827-2009-010-300x225.jpg\" width=\"300\" height=\"225\" srcset=\"http:\/\/palomarperez.es\/wp-content\/uploads\/2013\/06\/ESP-210827-2009-010-300x225.jpg 300w, http:\/\/palomarperez.es\/wp-content\/uploads\/2013\/06\/ESP-210827-2009-010-1024x768.jpg 1024w\" sizes=\"auto, (max-width: 300px) 100vw, 300px\" \/><\/a><\/span><\/p>\n<p align=\"center\"><span style=\"color: #800000;\"><b>\u00a0<\/b><\/span><\/p>\n<p align=\"center\"><span style=\"color: #800000;\"><b>\u00bfQu\u00e9 m\u00e9todo higi\u00e9nico-sanitarios llevas a cabo en tus instalaciones y cuantas veces los llevas a cabo?\u00a0\u00a0\u00a0\u00a0 <\/b><\/span><\/p>\n<p align=\"center\"><span style=\"color: #800000;\">En esto te reconozco que si el tiempo me lo permite limpio todos los d\u00edas el palomar, soy un esclavo de la esp\u00e1tula me educaron as\u00ed y muero as\u00ed. Cuando chico me dec\u00edan con una buena esp\u00e1tula y paciencia se sacan buenos resultados en este deporte. Las instalaciones son limpiadas a fondo (soplete, fumigado) antes y despu\u00e9s de la Competici\u00f3n. Esta es la forma de proceder en mis instalaciones.<\/span><\/p>\n<p align=\"center\"><span style=\"color: #800000;\"><b>\u00bfCu\u00e1ntas palomas tiene ya el Palomar P\u00e9rez Mart\u00edn comprobadas desde la prestigiosa Costa Africana? \u00bfDesde que puntos? \u00a0<\/b><\/span><\/p>\n<p align=\"center\"><span style=\"color: #800000;\">No son muchas las comprobadas, de safi 5, de Essaquira 2, de Casa Blanca 1, son las mas destacables por ser las sueltas de mayor distancia realizadas desde el continente Africano.<\/span><\/p>\n<p align=\"center\"><span style=\"color: #800000;\"><b>\u00bfCu\u00e1les son esas palomas y sus or\u00edgenes? \u00a0\u00a0<\/b><\/span><\/p>\n<p align=\"center\"><span style=\"color: #800000;\">Safi: ESP-193504-06 origen Muller-P\u00e9rez; ESP-210827-06 origen Santiago Miranda; FCC-008285-09 origen Muller-P\u00e9rez; FCC-004823-10 origen Cuba; FCC-122082-11 origen Cuba; Essaouira: ESP-269880-09 origen Muller-P\u00e9rez; FCC-004773-10 origen Muller-Cuba; Casablanca: FCC-122292-11 origen Muller-Cuba; Estas son las mas a destacar y sus or\u00edgenes.<\/span><\/p>\n<p align=\"center\"><span style=\"color: #800000;\">\u00bf<b>C\u00f3mo preparas las palomas que posteriormente env\u00edas a alg\u00fan punto de \u00c1frica?<\/b><\/span><\/p>\n<p align=\"center\"><span style=\"color: #800000;\">La convivencia en el palomar y el trato es el mismo que a las dem\u00e1s, lo diferente en el trato que estas tienen es una campa\u00f1a diferente a las dem\u00e1s. Los vuelos que van de entrenamiento para las sueltas de larga distancia, procuro que sean de espacio en el tiempo, de 15 d\u00edas o 21 d\u00edas de una a otra, que tenga unas sueltas donde el tiempo no influya en el desarrollo de la misma y con una dificultad\u00a0 media tirando a baja a la hora de desarrollar el viaje, que la suma de los kil\u00f3metros en las sueltas de entrenamiento no supere la distancia que debe de recorrer en la carrera final.<\/span><\/p>\n<p align=\"center\"><span style=\"color: #800000;\"><b>\u00bfAntes de empezar la campa\u00f1a ya sueles tener pensado cuales te jugaras en dichas sueltas?<\/b><\/span><\/p>\n<p align=\"center\"><span style=\"color: #800000;\">Siempre tienes tu equipo como casi todo el mundo en la cabeza metida, pero la campa\u00f1a es muy larga y no siempre sale todo como pensabas. Pero si tengo mis candidatos antes empezar la campa\u00f1a y suelen ser hermanos, sobrinos e hijos de las ya comprobadas en otras ocasiones. (Hijo de gato casi siempre caza ratones).<\/span><\/p>\n<p align=\"center\"><span style=\"color: #800000;\"><b>Ya estas dentro de ese grupo de Colomb\u00f3filos de Prestigio gracias a las sueltas \u201cReina\u201d, \u00bfQu\u00e9 se siente al comprobar palomas desde tan importantes distancias?<\/b><\/span><\/p>\n<p align=\"center\"><span style=\"color: #800000;\">\u00a0Yo creo que para entrar en ese grupo me queda mucho camino por recorrer y poco a poco si las cosas se van haciendo bien alg\u00fan d\u00eda se llegara. Que el trabajo y dedicaci\u00f3n de todo un a\u00f1o, no fue en vano. Te sientes muy orgulloso de tus palomas al ver que ellas tambi\u00e9n son capaces de hacer grandes haza\u00f1as como las de los campeones.<\/span><\/p>\n<p align=\"center\"><span style=\"color: #800000;\"><b>\u00bfCu\u00e1l es la paloma que el Palomar P\u00e9rez Mart\u00edn destacar\u00eda dentro de las muchas que ha volado? \u00bfA cual le das mas importancia y por que?\u00a0 <\/b><\/span><\/p>\n<p align=\"center\"><span style=\"color: #800000;\">Tengo varias, la pichona FCC-122082-11 que este a\u00f1o fui muy exigente con ella, la cual me dio la alegr\u00eda de regresar de 2 vuelos de millas de altamar y de la siempre dura suelta de Safi. De la de Casablanca la 122292-11 que despu\u00e9s de sufrir en el primer altamar un pase para la Palma me demostr\u00f3 que toda paloma tiene una segunda oportunidad comprob\u00e1ndose en el d\u00eda desde Casablanca, o el ESP-177732-05 que fue mi paloma \u201cTOP\u201d la cual me premio a nivel social en toda las modalidades que lo mande. Todas tienen un recuerdo muy especial para mi.<\/span><\/p>\n<p align=\"center\"><span style=\"color: #800000;\"><b>En Canarias y sobretodo en Tenerife hay muchos colomb\u00f3filos, \u00bfCu\u00e1l o cuales destacar\u00edas bien por admiraci\u00f3n, por resultados y trayectoria, por l\u00edneas de palomas, etc.?\u00a0 \u00a0\u00a0<\/b><\/span><\/p>\n<p align=\"center\"><span style=\"color: #800000;\">En Tenerife y en Canarias en general han existido y existen colomb\u00f3filos que han marcado \u00e9pocas y grandes haza\u00f1as con sus palomas, seria un atrevimiento por mi parte nombrar a unos si y a otros no, cada uno tiene a su referente.<\/span><\/p>\n<p align=\"center\"><span style=\"color: #800000;\"><b>Tambi\u00e9n te une una cierta relaci\u00f3n con nuestra isla bonita, \u00bfHay alg\u00fan Colomb\u00f3filo\u00a0 que hayas conocido en la Palma y que puedas destacar a su vez y el por que lo destacas? \u00a0\u00a0\u00a0<\/b><\/span><\/p>\n<p align=\"center\"><span style=\"color: #800000;\">Con la isla de la Palma digamos que cada vez que la visito me siento como en casa por lo bien que me tratan y con las grandes personas que practican este deporte en la isla bonita. Grandes colomb\u00f3filos y mejores amigos he conocido a muchos y conozco muchos. Por destacar te destaco a Don Jos\u00e9 Manuel Rodr\u00edguez ( Meme) por la labor que hace con su derbi y los grandes ratos que pasa uno escuchando sus historias, Don Carlos Acosta por su gran calidad de palomas que atesora y por gran amigo, a ti por la difusi\u00f3n que das a la colombofilia de tu isla fuera de ella y a las dem\u00e1s islas, a todos los amigos de all\u00e1 que uno tiene gracias a este mundo que es la colombofilia. En\u00a0 fin me siento un palmero mas cuando me encuentro entre ustedes.<\/span><\/p>\n<p align=\"center\"><span style=\"color: #800000;\"><b>Al mismo tiempo estas al corriente de mucho de lo que acontece en la colombofilia tanto Chicharrera como Palmera, \u00bfQu\u00e9 opini\u00f3n tienes de ambas en la actualidad y que crees que seria bueno desde tu punto de vista para mejorar en ambas? \u00a0<\/b><\/span><\/p>\n<p align=\"center\"><span style=\"color: #800000;\">La opini\u00f3n que tengo es que una colombofilia dividida es d\u00e9bil y por eso se debe luchar por la unidad de la colombofilia Chicharrera, Palmera y Canaria en general. Que nuestros dirigentes vayan tomando conciencia de que los conflictos no llevan a nada. Y que hay que luchar \u00a0por los intereses de todos no por los de unos pocos.<\/span><\/p>\n<p align=\"center\"><span style=\"color: #800000;\"><b>\u00bfQu\u00e9 buscas en una paloma o que te debe demostrar una paloma para introducirla en tu reproducci\u00f3n? <\/b><\/span><\/p>\n<p align=\"center\"><span style=\"color: #800000;\">Como las instalaciones son peque\u00f1as y no me puedo permitir el lujo de poseer mucha reproducci\u00f3n, en la paloma actualmente busco que sea de buenos or\u00edgenes, bien hecha y en mi caso que haya volado una prueba de mas 750Km. de distancia para ganarse el ser pie de cr\u00eda del palomar.<\/span><\/p>\n<p align=\"center\"><span style=\"color: #800000;\">\u00bfA <b>la hora de acoplar las parejas reproductoras, por que criterio te riges?<\/b><\/span><\/p>\n<p align=\"center\"><span style=\"color: #800000;\">Que desciendan de buenos or\u00edgenes tanto la hembra como el macho. (De bueno con bueno sale seguro algo que sirva).<\/span><\/p>\n<p align=\"center\"><span style=\"color: #800000;\"><b>\u00bfPracticas la consaguinidad?<\/b><\/span><\/p>\n<p align=\"center\"><span style=\"color: #800000;\">Si la practico para intentar mantener las l\u00edneas que me han dado resultado en los vuelos el mayor tiempo posible en el palomar e intentar no perderlas. T\u00edo-sobrina, abuelo-nieta, medios hermanos, etc. Son los cruces que uso en la consanguinidad.<\/span><\/p>\n<p align=\"center\"><span style=\"color: #800000;\"><b>\u00bfCu\u00e1l es tu opini\u00f3n para formar un buen palomar, competitivo, etc., en\u00a0 el caso de que se lo pudieras decir a alguien que empiece y as\u00ed poderle ahorrar el mayor tiempo posible y ahorrarle muchos disgusto? <\/b><\/span><\/p>\n<p align=\"center\"><span style=\"color: #800000;\">Que busque palomas de buen origen acorde a la modalidad (velocidad, medio fondo o gran fondo) que desea realizar, que se rodee de buenos amigos colomb\u00f3filos y campeones. Que tenga paciencia, que con trabajo y buen hacer los resultados tarde o temprano llegan.<\/span><\/p>\n<p align=\"center\"><span style=\"color: #800000;\"><b>\u00bfCu\u00e1les son los objetivos a corto, medio y largo plazo del Palomar P\u00e9rez Mart\u00edn?\u00a0 \u00a0<\/b><\/span><\/p>\n<p align=\"center\"><span style=\"color: #800000;\">A corto plazo seguir en la misma l\u00ednea practicando colombofilia con los amigos. A medio plazo poder seguir practicando colombofilia y sumando amigos. A largo plazo si todo lo anterior se cumple tener mejores conocimientos en este deporte, hacer grandes amistades en el mundo de la colombofilia y los resultados poder disfrutarlo entre amigos.<\/span><\/p>\n<p align=\"center\"><span style=\"color: #800000;\">\u00bf<b>Desear\u00edas a\u00f1adir alguna otra cosa mas?<\/b><\/span><\/p>\n<p align=\"center\"><span style=\"color: #800000;\">Darte las gracias por esta entrevista que me brindas y felicitarte por el trabajo que realizas en beneficio de la colombofilia.<\/span><\/p>\n<p align=\"center\"><span style=\"color: #800000;\"><b>Palmares <\/b><\/span><\/p>\n<p align=\"center\"><span style=\"color: #800000;\">A\u00f1o 2003 Ala Roja: Campeonato de pichones; Subcampe\u00f3n de medio fondo; Subcampe\u00f3n de designados; 3\u00ba clasificado general series; 3\u00ba clasificado general. A\u00f1o 2006\u00a0 CCC El Cabo: Campe\u00f3n Social; Campe\u00f3n de velocidad; 3\u00ba clasificado general series; 3\u00ba clasificado general designados; Subcampe\u00f3n en medio fondo en el Inter club de la\u00a0 Agrupaci\u00f3n de clubes \u201cSan Borondon\u201d. A\u00f1o 2007 CCC El Cabo: Subcampe\u00f3n en la general de pichones; Campe\u00f3n en la general de series de pichones. A\u00f1o 2008 CCC El Cabo: Campe\u00f3n social; Campe\u00f3n social de fondo; Campe\u00f3n social de designados. 1\u00ba de Machos en el Est\u00e1ndar 2011 del Derby Pirata de Tazacorte. A\u00f1o 2012 CCC El Cabo: Campe\u00f3n general de designados; 3\u00ba clasificado en la general de fondo;\u00a0 4\u00ba clasificado en el campeonato social. 2\u00ba Premio de Machos en el Est\u00e1ndar 2012 del Derby Pirata de Tazacorte.<\/span><\/p>\n","protected":false},"excerpt":{"rendered":"<p>Por Jos\u00e9 Oliver Mart\u00edn Gonz\u00e1lez Me complace muy enormemente compartir con todos vosotros la entrevista que he realizado a un colomb\u00f3filo amigo m\u00edo,\u00a0 una persona que se caracteriza por su grado de competitividad pero al mismo tiempo, por como sabe &hellip; <a href=\"http:\/\/palomarperez.es\/?page_id=465\">Sigue leyendo <span class=\"meta-nav\">&rarr;<\/span><\/a><\/p>\n","protected":false},"author":2,"featured_media":0,"parent":20,"menu_order":0,"comment_status":"closed","ping_status":"closed","template":"","meta":{"footnotes":""},"class_list":["post-465","page","type-page","status-publish","hentry"],"_links":{"self":[{"href":"http:\/\/palomarperez.es\/index.php?rest_route=\/wp\/v2\/pages\/465","targetHints":{"allow":["GET"]}}],"collection":[{"href":"http:\/\/palomarperez.es\/index.php?rest_route=\/wp\/v2\/pages"}],"about":[{"href":"http:\/\/palomarperez.es\/index.php?rest_route=\/wp\/v2\/types\/page"}],"author":[{"embeddable":true,"href":"http:\/\/palomarperez.es\/index.php?rest_route=\/wp\/v2\/users\/2"}],"replies":[{"embeddable":true,"href":"http:\/\/palomarperez.es\/index.php?rest_route=%2Fwp%2Fv2%2Fcomments&post=465"}],"version-history":[{"count":13,"href":"http:\/\/palomarperez.es\/index.php?rest_route=\/wp\/v2\/pages\/465\/revisions"}],"predecessor-version":[{"id":618,"href":"http:\/\/palomarperez.es\/index.php?rest_route=\/wp\/v2\/pages\/465\/revisions\/618"}],"up":[{"embeddable":true,"href":"http:\/\/palomarperez.es\/index.php?rest_route=\/wp\/v2\/pages\/20"}],"wp:attachment":[{"href":"http:\/\/palomarperez.es\/index.php?rest_route=%2Fwp%2Fv2%2Fmedia&parent=465"}],"curies":[{"name":"wp","href":"https:\/\/api.w.org\/{rel}","templated":true}]}}