{"id":647,"date":"2013-11-21T03:32:39","date_gmt":"2013-11-21T03:32:39","guid":{"rendered":"http:\/\/palomarperez.es\/?page_id=647"},"modified":"2013-11-21T03:40:00","modified_gmt":"2013-11-21T03:40:00","slug":"la-sociedad-colombofila-de-la-havana","status":"publish","type":"page","link":"http:\/\/palomarperez.es\/?page_id=647","title":{"rendered":"La Sociedad Colomb\u00f3fila de la Havana"},"content":{"rendered":"<p align=\"center\"><span style=\"color: #800000;\"><b><i>La Sociedad Colomb\u00f3fila de la Habana<\/i><\/b><\/span><\/p>\n<p align=\"center\"><span style=\"color: #800000;\"><b><i>\u00a0<\/i><\/b><i>Hace mas de un siglo surgi\u00f3 la Sociedad Colomb\u00f3fila de la Habana, que ha recorrido un largo camino en el que el entusiasmo de sus miembros ha salvado no pocos escollos y dificultades. Seg\u00fan se cuenta, las primeras mensajeras en la Habana fueron propiedad del doctor Rafael Chaguaceda y Robelin, de los acaudalados se\u00f1ores Mendoza y Francisco Sierra y del periodista Carlos Varela Zequeira, quienes pueden considerarse los precursores del deporte alado en Cuba en los a\u00f1os 90 del siglo XIX. Aquellas mensajeras eran denominadas \u201cfrancesas\u201d porque la mayor\u00eda proced\u00eda de ese pa\u00eds, aunque el se\u00f1or Ram\u00f3n Mendoza adquiri\u00f3 algunas del famoso criador norteamericano T.P. Green, entonces en su m\u00e1s brillante temporada.<a href=\"http:\/\/palomarperez.es\/wp-content\/uploads\/2013\/11\/P1280043.jpg\"><span style=\"color: #800000;\"><img loading=\"lazy\" decoding=\"async\" class=\"alignleft size-medium wp-image-648\" alt=\"Sociedad Colomb\u00f3fila de la Habana\" src=\"http:\/\/palomarperez.es\/wp-content\/uploads\/2013\/11\/P1280043-224x300.jpg\" width=\"224\" height=\"300\" srcset=\"http:\/\/palomarperez.es\/wp-content\/uploads\/2013\/11\/P1280043-224x300.jpg 224w, http:\/\/palomarperez.es\/wp-content\/uploads\/2013\/11\/P1280043.jpg 338w\" sizes=\"auto, (max-width: 224px) 100vw, 224px\" \/><\/span><\/a><\/i><\/span><\/p>\n<p><span style=\"color: #800000;\"><i>En esa fecha ya exist\u00edan palomas mensajeras en otras partes de nuestra Isla y sirvieron a los mambises como medio de comunicaci\u00f3n durante la guerra del 95, hecho recogido por el espa\u00f1ol Salvador Castell\u00f3 y Carreras en su obra Colombofilia. Estudio complejo de la paloma mensajera, que atestigua que el general Antonio Maceo y Grajales utiliz\u00f3, como medio de enlace, palomas mensajeras para romper el cerco de los espa\u00f1oles durante la invasi\u00f3n a occidente.<\/i><\/span><\/p>\n<p><span style=\"color: #800000;\"><i>Estas palomas, por diversos medios, poblaron m\u00faltiples palomares y difundieron la afici\u00f3n entre los habaneros, quienes mucho simpatizaban con las nobles aves. No hubo vuelos a distancia ni organizaciones colomb\u00f3filas antes de la ultima guerra por la independencia (1895); solo se citan unos ensayos practicados por el se\u00f1or Aquiles Solano, que enviaba mensajeras en vapores costeros que hac\u00edan\u00a0 la traves\u00eda por la costa norte de la Isla, pero se desconoce la mayor distancia recorrida y otros detalles.<\/i><\/span><\/p>\n<p><span style=\"color: #800000;\"><i>Con la llegada a Cuba del terrible general espa\u00f1ol Valeriano Weyler Nicolau, las palomas mensajeras fueron objeto de persecuciones, salvo que llenaran sus due\u00f1os ciertos requisitos que pocos quisieron aceptar, por estimarlos vejaminosos; las mensajeras fueron dispersadas o muy escondidas, y casi se extinguieron en este periodo.<a href=\"http:\/\/palomarperez.es\/wp-content\/uploads\/2013\/11\/P1280025.jpg\"><span style=\"color: #800000;\"><img loading=\"lazy\" decoding=\"async\" class=\"size-full wp-image-651 alignright\" alt=\"OLYMPUS DIGITAL CAMERA\" src=\"http:\/\/palomarperez.es\/wp-content\/uploads\/2013\/11\/P1280025.jpg\" width=\"294\" height=\"229\" \/><\/span><\/a> <\/i><\/span><\/p>\n<p><span style=\"color: #800000;\"><i>Terminada la guerra contra Espa\u00f1a, como la semilla colomb\u00f3fila estaba sembrada en buen terreno, fructific\u00f3 y comenzaron de nuevo a verse sobre los techos de las antiguas casas habaneras nuevos palomares, y muchos de los antiguos se reorganizaron. Un adolescente de 15 a\u00f1os, Oscar S\u00e1nchez V\u00edctores, tuvo la brillante idea de invitar a todas las personas que simpatizaban con las mensajeras a concurrir el 15 de septiembre de 1900 a una reuni\u00f3n en su casa, sita en Campanario 40; all\u00ed les expuso su prop\u00f3sito de constituir una sociedad igual a las que exist\u00edan en otros pa\u00edses p\u00e1rale fomento del deporte colomb\u00f3filo. Su iniciativa tuvo una buena acogida, y gracias al entusiasmo y esfuerzo desplegados, constituy\u00f3 al fin una hermosa\u00a0 realidad: la Sociedad Colomb\u00f3fila de La Habana, con catorce fundadores.<\/i><\/span><\/p>\n<p><span style=\"color: #800000;\"><i>En sus primeros a\u00f1os hubo momentos en que nada m\u00e1s existi\u00f3 nominalmente, y solo gracias al amor de unos pocos pudo llegar a tiempos mejores. El primer concurso disputado fue a una distancia de 178 Km. desde la ciudad de Pinar del R\u00edo; se efectu\u00f3 el 15 de abril de 1901, y se utilizaron canastas de lavanderas como cesta de viajes. El primer premio lo recibi\u00f3 la paloma numero 103 E.C.P.\u00a0 del colomb\u00f3filo Emilio Tovar, que recorri\u00f3 la distancia en 5 horas y 19 minutos.<a href=\"http:\/\/palomarperez.es\/wp-content\/uploads\/2013\/11\/DSCN2569.jpg\"><span style=\"color: #800000;\"><img loading=\"lazy\" decoding=\"async\" class=\"alignleft size-medium wp-image-649\" alt=\"DSCN2569\" src=\"http:\/\/palomarperez.es\/wp-content\/uploads\/2013\/11\/DSCN2569-213x300.jpg\" width=\"213\" height=\"300\" srcset=\"http:\/\/palomarperez.es\/wp-content\/uploads\/2013\/11\/DSCN2569-213x300.jpg 213w, http:\/\/palomarperez.es\/wp-content\/uploads\/2013\/11\/DSCN2569.jpg 335w\" sizes=\"auto, (max-width: 213px) 100vw, 213px\" \/><\/span><\/a><\/i><\/span><\/p>\n<p><span style=\"color: #800000;\"><i>Resulta muy interesante la forma en que se realizaban las comprobaciones en aquellos primeros concursos. Se designaba una comisi\u00f3n que deb\u00eda estar en un lugar escogido a horas acordadas. Los contendientes ten\u00edan que enviar inmediatamente el anillo de comprobaci\u00f3n a la comisi\u00f3n, y se les descontaba un tiempo por el itinerario desde su casa al lugar en que se encontraba esta comisi\u00f3n. Los colomb\u00f3filos utilizaban coches, bicicletas o simplemente muchachos corredores; se dio el caso de llegar dos o tres juntos, con el esc\u00e1ndalo consiguiente para asegurar primero la comprobaci\u00f3n, y hasta hubo incidentes en los que intervino la polic\u00eda por haber sido atropellado un transe\u00fante por los portadores de los anillos. Los premios se adjudicaban a quien tuviera mejor hora en las distancias, y despu\u00e9s de concluido el concurso, en el lugar de reuni\u00f3n\u00a0 (el Prado habanero) comenzaban las discusiones sobre los m\u00e9ritos de tales o m\u00e1s cuales palomas.<\/i><\/span><\/p>\n<p><span style=\"color: #800000;\"><i><a href=\"http:\/\/palomarperez.es\/wp-content\/uploads\/2013\/11\/DSCN2569-copia.jpg\"><span style=\"color: #800000;\"><img loading=\"lazy\" decoding=\"async\" class=\"size-medium wp-image-650 alignright\" alt=\"DSCN2569 - copia\" src=\"http:\/\/palomarperez.es\/wp-content\/uploads\/2013\/11\/DSCN2569-copia-300x252.jpg\" width=\"300\" height=\"252\" srcset=\"http:\/\/palomarperez.es\/wp-content\/uploads\/2013\/11\/DSCN2569-copia-300x252.jpg 300w, http:\/\/palomarperez.es\/wp-content\/uploads\/2013\/11\/DSCN2569-copia.jpg 369w\" sizes=\"auto, (max-width: 300px) 100vw, 300px\" \/><\/span><\/a>El 23 de abril de 1907 tuvo lugar un episodio memorable: un concurso desde la ciudad de Santiago de Cuba a una distancia de 760 Km. La sociedad entr\u00f3 entonces en un periodo de auge que llego en 1911 a una etapa de esplendor, por los muchos colomb\u00f3filos nuevos y las palomas importadas de B\u00e9lgica, pero aquel esplendor fue seguido por un fuerte slump,\u00a0 y lleg\u00f3 casi a paralizarse el deporte 3 a\u00f1os mas tarde, hasta la importaci\u00f3n de las inmejorables Durieux, que inyectaron gloriosa sangre en casi todos los palomares cubanos. Este merito corresponde al doctor Manuel Viera Montes de Oca, quien por su buena amistad con Albert Durieux, director del peri\u00f3dico colomb\u00f3filo belga Le Martinet, hizo \u00a0que este seleccionara 6 pares de los mejores palomares, que resultaron ser de los se\u00f1ores Arturo Marshal de Bierset y Jules Janssens de \u00a0Shaerbeek A estos ejemplares se le atribuyen los notables \u00e9xitos alcanzados por las palomas cubanas en todos los tiempos. La importaci\u00f3n fue expedida por Albert Durieux el 26 de mayo de 1914, en plena 1\u00aa guerra Mundial.<\/i><\/span><\/p>\n<p><span style=\"color: #800000;\"><i><a href=\"http:\/\/palomarperez.es\/wp-content\/uploads\/2013\/11\/DSCN2568.jpg\"><span style=\"color: #800000;\"><img loading=\"lazy\" decoding=\"async\" class=\"alignleft size-medium wp-image-652\" alt=\"retrato del Dr. Victor P\u00e9rez Lerena\" src=\"http:\/\/palomarperez.es\/wp-content\/uploads\/2013\/11\/DSCN2568-256x300.jpg\" width=\"256\" height=\"300\" srcset=\"http:\/\/palomarperez.es\/wp-content\/uploads\/2013\/11\/DSCN2568-256x300.jpg 256w, http:\/\/palomarperez.es\/wp-content\/uploads\/2013\/11\/DSCN2568.jpg 362w\" sizes=\"auto, (max-width: 256px) 100vw, 256px\" \/><\/span><\/a>El desarrollo y gran auge de la colombofilia en Cuba se deben a valiosos elementos que a partir de 1920 engrosaron las filas de nuestra sociedad; se despert\u00f3 entre todos una noble emulaci\u00f3n, se importaron ejemplares ,se realiz\u00f3 una adecuada selecci\u00f3n y mejor\u00f3 el rendimiento en concursos. Es justo adem\u00e1s consignar la no igualada constancia de los ya fallecidos doctor Gustavo Garc\u00eda Montes, doctor V\u00edctor M. P\u00e9rez\u00a0 Lerena\u00a0 y el se\u00f1or Omelio Garc\u00eda Pila, cuyas pacientes actividades personales durante a\u00f1os a favor de nuestro deporte han redundado notablemente en los \u00e9xitos alcanzados por las palomas mensajeras cubanas de hoy. Por iniciativa del doctor Luis E. Borges Alduncin se fund\u00f3 en julio de 1966 la Federaci\u00f3n Colomb\u00f3fila de Cuba.\u00a0 <\/i><\/span><\/p>\n<p><span style=\"color: #800000;\"><i>La vida de la Sociedad Colomb\u00f3fila de La Habana es el resultado del entusiasmo de j\u00f3venes de la actual generaci\u00f3n, que le han brindado sin reservas el inapreciable tesoro de su inteligencia, abierta a la investigaci\u00f3n y dotada de una\u00a0 fe inquebrantable en el \u00e9xito de sus gestiones en pro del perfeccionamiento de nuestro deporte en la Isla. \u00a0\u00a0\u00a0\u00a0\u00a0\u00a0\u00a0\u00a0\u00a0\u00a0\u00a0\u00a0\u00a0\u00a0\u00a0\u00a0<\/i><\/span><\/p>\n","protected":false},"excerpt":{"rendered":"<p>La Sociedad Colomb\u00f3fila de la Habana \u00a0Hace mas de un siglo surgi\u00f3 la Sociedad Colomb\u00f3fila de la Habana, que ha recorrido un largo camino en el que el entusiasmo de sus miembros ha salvado no pocos escollos y dificultades. Seg\u00fan &hellip; <a href=\"http:\/\/palomarperez.es\/?page_id=647\">Sigue leyendo <span class=\"meta-nav\">&rarr;<\/span><\/a><\/p>\n","protected":false},"author":2,"featured_media":0,"parent":20,"menu_order":0,"comment_status":"closed","ping_status":"closed","template":"","meta":{"footnotes":""},"class_list":["post-647","page","type-page","status-publish","hentry"],"_links":{"self":[{"href":"http:\/\/palomarperez.es\/index.php?rest_route=\/wp\/v2\/pages\/647","targetHints":{"allow":["GET"]}}],"collection":[{"href":"http:\/\/palomarperez.es\/index.php?rest_route=\/wp\/v2\/pages"}],"about":[{"href":"http:\/\/palomarperez.es\/index.php?rest_route=\/wp\/v2\/types\/page"}],"author":[{"embeddable":true,"href":"http:\/\/palomarperez.es\/index.php?rest_route=\/wp\/v2\/users\/2"}],"replies":[{"embeddable":true,"href":"http:\/\/palomarperez.es\/index.php?rest_route=%2Fwp%2Fv2%2Fcomments&post=647"}],"version-history":[{"count":1,"href":"http:\/\/palomarperez.es\/index.php?rest_route=\/wp\/v2\/pages\/647\/revisions"}],"predecessor-version":[{"id":653,"href":"http:\/\/palomarperez.es\/index.php?rest_route=\/wp\/v2\/pages\/647\/revisions\/653"}],"up":[{"embeddable":true,"href":"http:\/\/palomarperez.es\/index.php?rest_route=\/wp\/v2\/pages\/20"}],"wp:attachment":[{"href":"http:\/\/palomarperez.es\/index.php?rest_route=%2Fwp%2Fv2%2Fmedia&parent=647"}],"curies":[{"name":"wp","href":"https:\/\/api.w.org\/{rel}","templated":true}]}}